{"id":14,"date":"2021-11-02T13:16:44","date_gmt":"2021-11-02T13:16:44","guid":{"rendered":"https:\/\/www.jfbinnovation.com\/?page_id=14"},"modified":"2024-05-10T20:51:03","modified_gmt":"2024-05-10T20:51:03","slug":"accueil","status":"publish","type":"page","link":"https:\/\/www.jfbinnovation.com\/fr\/","title":{"rendered":"Accueil"},"content":{"rendered":"<p><div class=\"fusion-bg-parallax\" data-bg-align=\"center center\" data-direction=\"left\" data-mute=\"false\" data-opacity=\"100\" data-velocity=\"-0.3\" data-mobile-enabled=\"false\" data-break_parents=\"0\" data-bg-image=\"https:\/\/www.jfbinnovation.com\/wp-content\/uploads\/2024\/05\/impression-infoshade-quebec.jpg\" data-bg-repeat=\"false\" ><\/div><div class=\"fusion-fullwidth fullwidth-box fusion-builder-row-1 fusion-flex-container fusion-parallax-left hero-mf nonhundred-percent-fullwidth hundred-percent-height hundred-percent-height-center-content non-hundred-percent-height-scrolling\" style=\"background-color: rgba(255,255,255,0);background-image: url(&quot;https:\/\/www.jfbinnovation.com\/wp-content\/uploads\/2024\/05\/impression-infoshade-quebec.jpg&quot;);background-position: center center;background-repeat: no-repeat;border-width: 0px 0px 0px 0px;border-color:#e2e2e2;border-style:solid;-webkit-background-size:cover;-moz-background-size:cover;-o-background-size:cover;background-size:cover;\" ><div class=\"fusion-builder-row fusion-row fusion-flex-align-items-center\" style=\"max-width:1248px;margin-left: calc(-4% \/ 2 );margin-right: calc(-4% \/ 2 );\"><div class=\"fusion-layout-column fusion_builder_column fusion-builder-column-0 fusion_builder_column_4_5 4_5 fusion-flex-column\"><div class=\"fusion-column-wrapper fusion-flex-justify-content-flex-start fusion-content-layout-column\" style=\"background-position:left top;background-repeat:no-repeat;-webkit-background-size:cover;-moz-background-size:cover;-o-background-size:cover;background-size:cover;padding: 0px 0px 0px 0px;\"><style type=\"text\/css\">@media only screen and (max-width:1024px) {.fusion-title.fusion-title-1{margin-top:10px!important; margin-right:0px!important;margin-bottom:15px!important;margin-left:0px!important;}}@media only screen and (max-width:800px) {.fusion-title.fusion-title-1{margin-top:10px!important; margin-right:0px!important;margin-bottom:10px!important; margin-left:0px!important;}}<\/style><div class=\"fusion-title title fusion-title-1 fusion-sep-none fusion-title-text fusion-title-size-one\" style=\"font-size:70px;margin-top:10px;margin-right:0px;margin-bottom:15px;margin-left:0px;\"><h1 class=\"title-heading-left fusion-responsive-typography-calculated\" style=\"font-family:&quot;Roboto&quot;;font-weight:700;margin:0;font-size:1em;color:#ffffff;--fontSize:70;line-height:1.07;\">Nous concevons, d\u00e9veloppons et fournissons<\/h1><\/div><div class=\"fusion-text fusion-text-1\" style=\"font-size:18px;line-height:27px;color:#ffffff;\"><p>Chez JFB Innovation, nous sommes votre point de contact pour tout ce qui concerne les solutions d&rsquo;affichage sur le lieu de vente. De la conceptualisation \u00e0 la mise en \u0153uvre, nous offrons une exp\u00e9rience compl\u00e8te et transparente pour r\u00e9pondre \u00e0 vos besoins en mati\u00e8re d&rsquo;affichage sur le lieu de vente.<\/p>\n<\/div><div ><style>.fusion-button.button-1 .fusion-button-text,.fusion-button.button-1 i{color:#000000;}.fusion-button.button-1{border-color:#ffffff;border-radius:0 0 0 0;background:#dfe2e4;}.fusion-button.button-1:hover .fusion-button-text,.fusion-button.button-1:hover i,.fusion-button.button-1:focus .fusion-button-text,.fusion-button.button-1:focus i,.fusion-button.button-1:active .fusion-button-text,.fusion-button.button-1:active i{color:#081b3b;}.fusion-button.button-1:hover,.fusion-button.button-1:active,.fusion-button.button-1:focus{border-color:#ffffff;background:#c5f200;}<\/style><a class=\"fusion-button button-flat fusion-button-default-size button-custom button-1 fusion-button-default-span fusion-button-default-type\" target=\"_self\" href=\"https:\/\/jfbinnovation.com\/fr\/a-propos\"><span class=\"fusion-button-text\">En apprendre plus<\/span><\/a><\/div><\/div><style type=\"text\/css\">.fusion-body .fusion-builder-column-0{width:80% !important;margin-top : 0px;margin-bottom : 20px;}.fusion-builder-column-0 > .fusion-column-wrapper {padding-top : 0px !important;padding-right : 0px !important;margin-right : 2.4%;padding-bottom : 0px !important;padding-left : 0px !important;margin-left : 2.4%;}@media only screen and (max-width:1024px) {.fusion-body .fusion-builder-column-0{width:80% !important;order : 0;}.fusion-builder-column-0 > .fusion-column-wrapper {margin-right : 2.4%;margin-left : 2.4%;}}@media only screen and (max-width:800px) {.fusion-body .fusion-builder-column-0{width:100% !important;order : 0;}.fusion-builder-column-0 > .fusion-column-wrapper {margin-right : 1.92%;margin-left : 1.92%;}}<\/style><\/div><\/div><style type=\"text\/css\">.fusion-body .fusion-flex-container.fusion-builder-row-1{ padding-top : 0px;margin-top : 0;padding-right : 30px;padding-bottom : 0px;margin-bottom : 0;padding-left : 30px;}@media only screen and (max-width:800px) {.fusion-body .fusion-flex-container.fusion-builder-row-1{ padding-top : 3em;padding-bottom : 2em;}}<\/style><\/div><div class=\"fusion-fullwidth fullwidth-box fusion-builder-row-2 fusion-flex-container fusion-parallax-none nonhundred-percent-fullwidth non-hundred-percent-height-scrolling\" style=\"background-color: rgba(255,255,255,0);background-image: url(&quot;https:\/\/www.jfbinnovation.com\/wp-content\/uploads\/2021\/11\/impression-quebec.svg&quot;);background-position: right center;background-repeat: no-repeat;border-width: 0px 0px 0px 0px;border-color:#e2e2e2;border-style:solid;-webkit-background-size:cover;-moz-background-size:cover;-o-background-size:cover;background-size:cover;\" ><div class=\"fusion-builder-row fusion-row fusion-flex-align-items-flex-start\" style=\"max-width:1248px;margin-left: calc(-4% \/ 2 );margin-right: calc(-4% \/ 2 );\"><div class=\"fusion-layout-column fusion_builder_column fusion-builder-column-1 fusion_builder_column_1_1 1_1 fusion-flex-column\"><div class=\"fusion-column-wrapper fusion-flex-justify-content-flex-start fusion-content-layout-column\" style=\"background-position:left top;background-repeat:no-repeat;-webkit-background-size:cover;-moz-background-size:cover;-o-background-size:cover;background-size:cover;padding: 0px 0px 0px 0px;\"><div class=\"fusion-text fusion-text-2\"><h2>Vous avez un projet?<\/h2>\n<\/div><div ><style>.fusion-button.button-2{border-radius:0 0 0 0;}<\/style><a class=\"fusion-button button-flat fusion-button-default-size button-default button-2 fusion-button-default-span fusion-button-default-type\" target=\"_self\" href=\"https:\/\/www.jfbinnovation.com\/nous-joindre\/\"><span class=\"fusion-button-text\">Contactez-nous<\/span><\/a><\/div><\/div><style type=\"text\/css\">.fusion-body .fusion-builder-column-1{width:100% !important;margin-top : 0px;margin-bottom : 20px;}.fusion-builder-column-1 > .fusion-column-wrapper {padding-top : 0px !important;padding-right : 0px !important;margin-right : 1.92%;padding-bottom : 0px !important;padding-left : 0px !important;margin-left : 1.92%;}@media only screen and (max-width:1024px) {.fusion-body .fusion-builder-column-1{width:100% !important;order : 0;}.fusion-builder-column-1 > .fusion-column-wrapper {margin-right : 1.92%;margin-left : 1.92%;}}@media only screen and (max-width:800px) {.fusion-body .fusion-builder-column-1{width:100% !important;order : 0;}.fusion-builder-column-1 > .fusion-column-wrapper {margin-right : 1.92%;margin-left : 1.92%;}}<\/style><\/div><\/div><style type=\"text\/css\">.fusion-body .fusion-flex-container.fusion-builder-row-2{ padding-top : 6em;margin-top : 0px;padding-right : 0px;padding-bottom : 4.5em;margin-bottom : 0px;padding-left : 0px;}<\/style><\/div><\/p>\n","protected":false},"excerpt":{"rendered":"","protected":false},"author":1,"featured_media":0,"parent":0,"menu_order":0,"comment_status":"closed","ping_status":"closed","template":"100-width.php","meta":{"footnotes":""},"yoast_head":"<!-- This site is optimized with the Yoast SEO plugin v22.6 - https:\/\/yoast.com\/wordpress\/plugins\/seo\/ -->\n<title>JFB Innovation | Accueil<\/title>\n<meta name=\"description\" content=\"Du design \u00e0 la production, puis la livraison, nous saurons vous accompagner dans vos projets publicitaires.\" \/>\n<meta name=\"robots\" content=\"index, follow, max-snippet:-1, max-image-preview:large, max-video-preview:-1\" \/>\n<link rel=\"canonical\" href=\"https:\/\/www.jfbinnovation.com\/fr\/\" \/>\n<meta property=\"og:locale\" content=\"fr_FR\" \/>\n<meta property=\"og:type\" content=\"article\" \/>\n<meta property=\"og:title\" content=\"JFB Innovation | Accueil\" \/>\n<meta property=\"og:description\" content=\"Du design \u00e0 la production, puis la livraison, nous saurons vous accompagner dans vos projets publicitaires.\" \/>\n<meta property=\"og:url\" content=\"https:\/\/www.jfbinnovation.com\/fr\/\" \/>\n<meta property=\"og:site_name\" content=\"JFB Innovation\" \/>\n<meta property=\"article:modified_time\" content=\"2024-05-10T20:51:03+00:00\" \/>\n<meta property=\"og:image\" content=\"https:\/\/www.jfbinnovation.com\/wp-content\/uploads\/2022\/01\/jfb-innovation.png\" \/>\n\t<meta property=\"og:image:width\" content=\"1200\" \/>\n\t<meta property=\"og:image:height\" content=\"628\" \/>\n\t<meta property=\"og:image:type\" content=\"image\/png\" \/>\n<meta name=\"twitter:card\" content=\"summary_large_image\" \/>\n<meta name=\"twitter:title\" content=\"JFB Innovation | Accueil\" \/>\n<meta name=\"twitter:description\" content=\"Du design \u00e0 la production, puis la livraison, nous saurons vous accompagner dans vos projets publicitaires.\" \/>\n<meta name=\"twitter:image\" content=\"https:\/\/www.jfbinnovation.com\/wp-content\/uploads\/2022\/01\/jfb-innovation.png\" \/>\n<meta name=\"twitter:label1\" content=\"Dur\u00e9e de lecture estim\u00e9e\" \/>\n\t<meta name=\"twitter:data1\" content=\"4 minutes\" \/>\n<script type=\"application\/ld+json\" class=\"yoast-schema-graph\">{\"@context\":\"https:\/\/schema.org\",\"@graph\":[{\"@type\":\"WebPage\",\"@id\":\"https:\/\/www.jfbinnovation.com\/fr\/\",\"url\":\"https:\/\/www.jfbinnovation.com\/fr\/\",\"name\":\"JFB Innovation | Accueil\",\"isPartOf\":{\"@id\":\"https:\/\/www.jfbinnovation.com\/#website\"},\"datePublished\":\"2021-11-02T13:16:44+00:00\",\"dateModified\":\"2024-05-10T20:51:03+00:00\",\"description\":\"Du design \u00e0 la production, puis la livraison, nous saurons vous accompagner dans vos projets publicitaires.\",\"breadcrumb\":{\"@id\":\"https:\/\/www.jfbinnovation.com\/fr\/#breadcrumb\"},\"inLanguage\":\"fr-FR\",\"potentialAction\":[{\"@type\":\"ReadAction\",\"target\":[\"https:\/\/www.jfbinnovation.com\/fr\/\"]}]},{\"@type\":\"BreadcrumbList\",\"@id\":\"https:\/\/www.jfbinnovation.com\/fr\/#breadcrumb\",\"itemListElement\":[{\"@type\":\"ListItem\",\"position\":1,\"name\":\"Accueil\",\"item\":\"https:\/\/www.jfbinnovation.com\/fr\/\"},{\"@type\":\"ListItem\",\"position\":2,\"name\":\"Accueil\"}]},{\"@type\":\"WebSite\",\"@id\":\"https:\/\/www.jfbinnovation.com\/#website\",\"url\":\"https:\/\/www.jfbinnovation.com\/\",\"name\":\"JFB Innovation\",\"description\":\"Du design \u00e0 la production, puis la livraison, nous saurons vous accompagner dans vos projets publicitaires avec plus de 35 ans d&#039;exp\u00e9rience combin\u00e9.\",\"publisher\":{\"@id\":\"https:\/\/www.jfbinnovation.com\/#organization\"},\"potentialAction\":[{\"@type\":\"SearchAction\",\"target\":{\"@type\":\"EntryPoint\",\"urlTemplate\":\"https:\/\/www.jfbinnovation.com\/?s={search_term_string}\"},\"query-input\":\"required name=search_term_string\"}],\"inLanguage\":\"fr-FR\"},{\"@type\":\"Organization\",\"@id\":\"https:\/\/www.jfbinnovation.com\/#organization\",\"name\":\"JFB Innovation\",\"url\":\"https:\/\/www.jfbinnovation.com\/\",\"logo\":{\"@type\":\"ImageObject\",\"inLanguage\":\"fr-FR\",\"@id\":\"https:\/\/www.jfbinnovation.com\/#\/schema\/logo\/image\/\",\"url\":\"https:\/\/www.jfbinnovation.com\/wp-content\/uploads\/2022\/01\/jfb-innovation.png\",\"contentUrl\":\"https:\/\/www.jfbinnovation.com\/wp-content\/uploads\/2022\/01\/jfb-innovation.png\",\"width\":1200,\"height\":628,\"caption\":\"JFB Innovation\"},\"image\":{\"@id\":\"https:\/\/www.jfbinnovation.com\/#\/schema\/logo\/image\/\"},\"sameAs\":[\"https:\/\/www.linkedin.com\/company\/jfbinnovation\",\"https:\/\/www.youtube.com\/channel\/UCEpdh_qMlJu3CjDD7e_-aUA\"]}]}<\/script>\n<!-- \/ Yoast SEO plugin. -->","yoast_head_json":{"title":"JFB Innovation | Accueil","description":"Du design \u00e0 la production, puis la livraison, nous saurons vous accompagner dans vos projets publicitaires.","robots":{"index":"index","follow":"follow","max-snippet":"max-snippet:-1","max-image-preview":"max-image-preview:large","max-video-preview":"max-video-preview:-1"},"canonical":"https:\/\/www.jfbinnovation.com\/fr\/","og_locale":"fr_FR","og_type":"article","og_title":"JFB Innovation | Accueil","og_description":"Du design \u00e0 la production, puis la livraison, nous saurons vous accompagner dans vos projets publicitaires.","og_url":"https:\/\/www.jfbinnovation.com\/fr\/","og_site_name":"JFB Innovation","article_modified_time":"2024-05-10T20:51:03+00:00","og_image":[{"width":1200,"height":628,"url":"https:\/\/www.jfbinnovation.com\/wp-content\/uploads\/2022\/01\/jfb-innovation.png","type":"image\/png"}],"twitter_card":"summary_large_image","twitter_title":"JFB Innovation | Accueil","twitter_description":"Du design \u00e0 la production, puis la livraison, nous saurons vous accompagner dans vos projets publicitaires.","twitter_image":"https:\/\/www.jfbinnovation.com\/wp-content\/uploads\/2022\/01\/jfb-innovation.png","twitter_misc":{"Dur\u00e9e de lecture estim\u00e9e":"4 minutes"},"schema":{"@context":"https:\/\/schema.org","@graph":[{"@type":"WebPage","@id":"https:\/\/www.jfbinnovation.com\/fr\/","url":"https:\/\/www.jfbinnovation.com\/fr\/","name":"JFB Innovation | Accueil","isPartOf":{"@id":"https:\/\/www.jfbinnovation.com\/#website"},"datePublished":"2021-11-02T13:16:44+00:00","dateModified":"2024-05-10T20:51:03+00:00","description":"Du design \u00e0 la production, puis la livraison, nous saurons vous accompagner dans vos projets publicitaires.","breadcrumb":{"@id":"https:\/\/www.jfbinnovation.com\/fr\/#breadcrumb"},"inLanguage":"fr-FR","potentialAction":[{"@type":"ReadAction","target":["https:\/\/www.jfbinnovation.com\/fr\/"]}]},{"@type":"BreadcrumbList","@id":"https:\/\/www.jfbinnovation.com\/fr\/#breadcrumb","itemListElement":[{"@type":"ListItem","position":1,"name":"Accueil","item":"https:\/\/www.jfbinnovation.com\/fr\/"},{"@type":"ListItem","position":2,"name":"Accueil"}]},{"@type":"WebSite","@id":"https:\/\/www.jfbinnovation.com\/#website","url":"https:\/\/www.jfbinnovation.com\/","name":"JFB Innovation","description":"Du design \u00e0 la production, puis la livraison, nous saurons vous accompagner dans vos projets publicitaires avec plus de 35 ans d&#039;exp\u00e9rience combin\u00e9.","publisher":{"@id":"https:\/\/www.jfbinnovation.com\/#organization"},"potentialAction":[{"@type":"SearchAction","target":{"@type":"EntryPoint","urlTemplate":"https:\/\/www.jfbinnovation.com\/?s={search_term_string}"},"query-input":"required name=search_term_string"}],"inLanguage":"fr-FR"},{"@type":"Organization","@id":"https:\/\/www.jfbinnovation.com\/#organization","name":"JFB Innovation","url":"https:\/\/www.jfbinnovation.com\/","logo":{"@type":"ImageObject","inLanguage":"fr-FR","@id":"https:\/\/www.jfbinnovation.com\/#\/schema\/logo\/image\/","url":"https:\/\/www.jfbinnovation.com\/wp-content\/uploads\/2022\/01\/jfb-innovation.png","contentUrl":"https:\/\/www.jfbinnovation.com\/wp-content\/uploads\/2022\/01\/jfb-innovation.png","width":1200,"height":628,"caption":"JFB Innovation"},"image":{"@id":"https:\/\/www.jfbinnovation.com\/#\/schema\/logo\/image\/"},"sameAs":["https:\/\/www.linkedin.com\/company\/jfbinnovation","https:\/\/www.youtube.com\/channel\/UCEpdh_qMlJu3CjDD7e_-aUA"]}]}},"_links":{"self":[{"href":"https:\/\/www.jfbinnovation.com\/fr\/wp-json\/wp\/v2\/pages\/14"}],"collection":[{"href":"https:\/\/www.jfbinnovation.com\/fr\/wp-json\/wp\/v2\/pages"}],"about":[{"href":"https:\/\/www.jfbinnovation.com\/fr\/wp-json\/wp\/v2\/types\/page"}],"author":[{"embeddable":true,"href":"https:\/\/www.jfbinnovation.com\/fr\/wp-json\/wp\/v2\/users\/1"}],"replies":[{"embeddable":true,"href":"https:\/\/www.jfbinnovation.com\/fr\/wp-json\/wp\/v2\/comments?post=14"}],"version-history":[{"count":12,"href":"https:\/\/www.jfbinnovation.com\/fr\/wp-json\/wp\/v2\/pages\/14\/revisions"}],"predecessor-version":[{"id":787,"href":"https:\/\/www.jfbinnovation.com\/fr\/wp-json\/wp\/v2\/pages\/14\/revisions\/787"}],"wp:attachment":[{"href":"https:\/\/www.jfbinnovation.com\/fr\/wp-json\/wp\/v2\/media?parent=14"}],"curies":[{"name":"wp","href":"https:\/\/api.w.org\/{rel}","templated":true}]}}