{"id":672,"date":"2024-05-10T17:47:54","date_gmt":"2024-05-10T17:47:54","guid":{"rendered":"https:\/\/www.jfbinnovation.com\/about-us\/"},"modified":"2024-05-10T20:55:29","modified_gmt":"2024-05-10T20:55:29","slug":"a-propos","status":"publish","type":"page","link":"https:\/\/www.jfbinnovation.com\/fr\/a-propos\/","title":{"rendered":"\u00c0 propos"},"content":{"rendered":"<p><div class=\"fusion-fullwidth fullwidth-box fusion-builder-row-1 fusion-flex-container hundred-percent-fullwidth non-hundred-percent-height-scrolling\" style=\"background-color: rgba(255,255,255,0);background-position: center center;background-repeat: no-repeat;border-width: 0px 0px 0px 0px;border-color:#e2e2e2;border-style:solid;\" ><div class=\"fusion-builder-row fusion-row fusion-flex-align-items-stretch\" style=\"width:104% !important;max-width:104% !important;margin-left: calc(-4% \/ 2 );margin-right: calc(-4% \/ 2 );\"><div class=\"fusion-layout-column fusion_builder_column fusion-builder-column-0 fusion_builder_column_1_2 1_2 fusion-flex-column\"><div class=\"fusion-column-wrapper fusion-flex-justify-content-flex-start fusion-content-layout-column\" style=\"background-position:left top;background-repeat:no-repeat;-webkit-background-size:cover;-moz-background-size:cover;-o-background-size:cover;background-size:cover;padding: 0px 0px 0px 0px;\"><div class=\"fusion-text fusion-text-1\"><h1>\u00c0 propos de nous<\/h1>\n<\/div><div class=\"fusion-text fusion-text-2\"><p>Chez JFB Innovation, nous sommes sp\u00e9cialis\u00e9s dans l&rsquo;identification, le d\u00e9veloppement et la fourniture de solutions et de technologies de pointe en mati\u00e8re d&rsquo;affichage sur le lieu de vente. Notre objectif est de rester \u00e0 la hauteur de l&rsquo;innovation afin de fournir \u00e0 nos clients des pr\u00e9sentoirs dynamiques et percutants qui am\u00e9liorent la visibilit\u00e9 de leur marque sur le lieu de vente et stimulent les ventes.<\/p>\n<\/div><\/div><style type=\"text\/css\">.fusion-body .fusion-builder-column-0{width:50% !important;margin-top : 5em;margin-bottom : 5em;}.fusion-builder-column-0 > .fusion-column-wrapper {padding-top : 0px !important;padding-right : 0px !important;margin-right : 3.84%;padding-bottom : 0px !important;padding-left : 0px !important;margin-left : 3.84%;}@media only screen and (max-width:1024px) {.fusion-body .fusion-builder-column-0{width:50% !important;order : 0;}.fusion-builder-column-0 > .fusion-column-wrapper {margin-right : 3.84%;margin-left : 3.84%;}}@media only screen and (max-width:800px) {.fusion-body .fusion-builder-column-0{width:100% !important;order : 0;}.fusion-builder-column-0 > .fusion-column-wrapper {padding-right : 30px !important;margin-right : 1.92%;padding-left : 30px !important;margin-left : 1.92%;}}<\/style><\/div><div class=\"fusion-layout-column fusion_builder_column fusion-builder-column-1 fusion_builder_column_1_2 1_2 fusion-flex-column\"><div class=\"fusion-column-wrapper fusion-flex-justify-content-center fusion-content-layout-column\" style=\"background-position:left top;background-repeat:no-repeat;-webkit-background-size:cover;-moz-background-size:cover;-o-background-size:cover;background-size:cover;background-color:#eff0f1;padding: 0px 15% 0px 8%;\"><div class=\"fusion-text fusion-text-3\"><h2>NOTRE MISSION<\/h2>\n<p>Nous nous engageons \u00e0 \u00eatre \u00e0 l&rsquo;avant-garde des derni\u00e8res technologies et tendances gr\u00e2ce \u00e0 notre vaste r\u00e9seau et \u00e0 notre pr\u00e9sence active dans les salons professionnels. Notre approche collaborative avec notre client\u00e8le vise \u00e0 favoriser des partenariats durables pour une croissance et une r\u00e9ussite mutuelles.<\/p>\n<\/div><\/div><style type=\"text\/css\">.fusion-body .fusion-builder-column-1{width:50% !important;margin-top : 0px;margin-bottom : 0px;}.fusion-builder-column-1 > .fusion-column-wrapper {padding-top : 0px !important;padding-right : 15% !important;margin-right : 0;padding-bottom : 0px !important;padding-left : 8% !important;margin-left : 3.84%;}@media only screen and (max-width:1024px) {.fusion-body .fusion-builder-column-1{width:50% !important;order : 0;}.fusion-builder-column-1 > .fusion-column-wrapper {margin-right : 0;margin-left : 3.84%;}}@media only screen and (max-width:800px) {.fusion-body .fusion-builder-column-1{width:100% !important;order : 0;}.fusion-builder-column-1 > .fusion-column-wrapper {padding-top : 2em !important;margin-right : 1.92%;padding-bottom : 2em !important;margin-left : 0;}}<\/style><\/div><\/div><style type=\"text\/css\">.fusion-body .fusion-flex-container.fusion-builder-row-1{ padding-top : 0px;margin-top : 0;padding-right : 0px;padding-bottom : 0px;margin-bottom : 0;padding-left : 15%;}@media only screen and (max-width:800px) {.fusion-body .fusion-flex-container.fusion-builder-row-1{ padding-left : 0;}}<\/style><\/div><div class=\"fusion-bg-parallax\" data-bg-align=\"center center\" data-direction=\"left\" data-mute=\"false\" data-opacity=\"100\" data-velocity=\"-0.3\" data-mobile-enabled=\"true\" data-break_parents=\"0\" data-bg-image=\"https:\/\/www.jfbinnovation.com\/wp-content\/uploads\/2024\/05\/print-project.jpg\" data-bg-repeat=\"false\" ><\/div><div class=\"fusion-fullwidth fullwidth-box fusion-builder-row-2 fusion-flex-container fusion-parallax-left nonhundred-percent-fullwidth non-hundred-percent-height-scrolling\" style=\"background-color: rgba(255,255,255,0);background-image: url(&quot;https:\/\/www.jfbinnovation.com\/wp-content\/uploads\/2024\/05\/print-project.jpg&quot;);background-position: center center;background-repeat: no-repeat;border-width: 0px 0px 0px 0px;border-color:#e2e2e2;border-style:solid;-webkit-background-size:cover;-moz-background-size:cover;-o-background-size:cover;background-size:cover;\" ><div class=\"fusion-builder-row fusion-row fusion-flex-align-items-flex-start\" style=\"max-width:1248px;margin-left: calc(-4% \/ 2 );margin-right: calc(-4% \/ 2 );\"><div class=\"fusion-layout-column fusion_builder_column fusion-builder-column-2 fusion_builder_column_1_1 1_1 fusion-flex-column\"><div class=\"fusion-column-wrapper fusion-flex-justify-content-flex-start fusion-content-layout-column\" style=\"background-position:left top;background-repeat:no-repeat;-webkit-background-size:cover;-moz-background-size:cover;-o-background-size:cover;background-size:cover;padding: 0px 0px 0px 0px;\"><style type=\"text\/css\">@media only screen and (max-width:1024px) {.fusion-title.fusion-title-1{margin-top:10px!important; margin-right:0px!important;margin-bottom:15px!important;margin-left:0px!important;}}@media only screen and (max-width:800px) {.fusion-title.fusion-title-1{margin-top:10px!important; margin-right:0px!important;margin-bottom:10px!important; margin-left:0px!important;}}<\/style><div class=\"fusion-title title fusion-title-1 fusion-sep-none fusion-title-center fusion-title-text fusion-title-size-two\" style=\"margin-top:10px;margin-right:0px;margin-bottom:15px;margin-left:0px;\"><h2 class=\"title-heading-center fusion-responsive-typography-calculated\" style=\"margin:0;color:#ffffff;--fontSize:22;--minFontSize:22px;line-height:1.2;\">Vous avez un projet ?<\/h2><\/div><div style=\"text-align:center;\"><style>.fusion-button.button-1 .fusion-button-text,.fusion-button.button-1 i{color:#131726;}.fusion-button.button-1{border-color:#ffffff;border-radius:0 0 0 0;background:#c5f200;}.fusion-button.button-1:hover .fusion-button-text,.fusion-button.button-1:hover i,.fusion-button.button-1:focus .fusion-button-text,.fusion-button.button-1:focus i,.fusion-button.button-1:active .fusion-button-text,.fusion-button.button-1:active i{color:#081b3b;}.fusion-button.button-1:hover,.fusion-button.button-1:active,.fusion-button.button-1:focus{border-color:#ffffff;background:#03ddc2;}<\/style><a class=\"fusion-button button-flat fusion-button-default-size button-custom button-1 fusion-button-default-span fusion-button-default-type\" target=\"_self\" href=\"https:\/\/www.jfbinnovation.com\/fr\/nous-joindre\/\"><span class=\"fusion-button-text\">Nous joindre<\/span><\/a><\/div><\/div><style type=\"text\/css\">.fusion-body .fusion-builder-column-2{width:100% !important;margin-top : 0px;margin-bottom : 20px;}.fusion-builder-column-2 > .fusion-column-wrapper {padding-top : 0px !important;padding-right : 0px !important;margin-right : 1.92%;padding-bottom : 0px !important;padding-left : 0px !important;margin-left : 1.92%;}@media only screen and (max-width:1024px) {.fusion-body .fusion-builder-column-2{width:100% !important;order : 0;}.fusion-builder-column-2 > .fusion-column-wrapper {margin-right : 1.92%;margin-left : 1.92%;}}@media only screen and (max-width:800px) {.fusion-body .fusion-builder-column-2{width:100% !important;order : 0;}.fusion-builder-column-2 > .fusion-column-wrapper {margin-right : 1.92%;margin-left : 1.92%;}}<\/style><\/div><\/div><style type=\"text\/css\">.fusion-body .fusion-flex-container.fusion-builder-row-2{ padding-top : 9.5em;margin-top : 0px;padding-right : 0px;padding-bottom : 9em;margin-bottom : 0;padding-left : 0px;}<\/style><\/div><\/p>\n","protected":false},"excerpt":{"rendered":"","protected":false},"author":1,"featured_media":0,"parent":0,"menu_order":0,"comment_status":"closed","ping_status":"closed","template":"100-width.php","meta":{"footnotes":""},"yoast_head":"<!-- This site is optimized with the Yoast SEO plugin v22.6 - https:\/\/yoast.com\/wordpress\/plugins\/seo\/ -->\n<title>\u00c0 propos - JFB Innovation<\/title>\n<meta name=\"robots\" content=\"index, follow, max-snippet:-1, max-image-preview:large, max-video-preview:-1\" \/>\n<link rel=\"canonical\" href=\"https:\/\/www.jfbinnovation.com\/fr\/a-propos\/\" \/>\n<meta property=\"og:locale\" content=\"fr_FR\" \/>\n<meta property=\"og:type\" content=\"article\" \/>\n<meta property=\"og:title\" content=\"\u00c0 propos - JFB Innovation\" \/>\n<meta property=\"og:url\" content=\"https:\/\/www.jfbinnovation.com\/fr\/a-propos\/\" \/>\n<meta property=\"og:site_name\" content=\"JFB Innovation\" \/>\n<meta property=\"article:modified_time\" content=\"2024-05-10T20:55:29+00:00\" \/>\n<meta property=\"og:image\" content=\"https:\/\/www.jfbinnovation.com\/wp-content\/uploads\/2022\/01\/jfb-innovation.png\" \/>\n\t<meta property=\"og:image:width\" content=\"1200\" \/>\n\t<meta property=\"og:image:height\" content=\"628\" \/>\n\t<meta property=\"og:image:type\" content=\"image\/png\" \/>\n<meta name=\"twitter:card\" content=\"summary_large_image\" \/>\n<meta name=\"twitter:label1\" content=\"Dur\u00e9e de lecture estim\u00e9e\" \/>\n\t<meta name=\"twitter:data1\" content=\"4 minutes\" \/>\n<script type=\"application\/ld+json\" class=\"yoast-schema-graph\">{\"@context\":\"https:\/\/schema.org\",\"@graph\":[{\"@type\":\"WebPage\",\"@id\":\"https:\/\/www.jfbinnovation.com\/fr\/a-propos\/\",\"url\":\"https:\/\/www.jfbinnovation.com\/fr\/a-propos\/\",\"name\":\"\u00c0 propos - JFB Innovation\",\"isPartOf\":{\"@id\":\"https:\/\/www.jfbinnovation.com\/#website\"},\"datePublished\":\"2024-05-10T17:47:54+00:00\",\"dateModified\":\"2024-05-10T20:55:29+00:00\",\"breadcrumb\":{\"@id\":\"https:\/\/www.jfbinnovation.com\/fr\/a-propos\/#breadcrumb\"},\"inLanguage\":\"fr-FR\",\"potentialAction\":[{\"@type\":\"ReadAction\",\"target\":[\"https:\/\/www.jfbinnovation.com\/fr\/a-propos\/\"]}]},{\"@type\":\"BreadcrumbList\",\"@id\":\"https:\/\/www.jfbinnovation.com\/fr\/a-propos\/#breadcrumb\",\"itemListElement\":[{\"@type\":\"ListItem\",\"position\":1,\"name\":\"Accueil\",\"item\":\"https:\/\/www.jfbinnovation.com\/fr\/\"},{\"@type\":\"ListItem\",\"position\":2,\"name\":\"\u00c0 propos\"}]},{\"@type\":\"WebSite\",\"@id\":\"https:\/\/www.jfbinnovation.com\/#website\",\"url\":\"https:\/\/www.jfbinnovation.com\/\",\"name\":\"JFB Innovation\",\"description\":\"Du design \u00e0 la production, puis la livraison, nous saurons vous accompagner dans vos projets publicitaires avec plus de 35 ans d&#039;exp\u00e9rience combin\u00e9.\",\"publisher\":{\"@id\":\"https:\/\/www.jfbinnovation.com\/#organization\"},\"potentialAction\":[{\"@type\":\"SearchAction\",\"target\":{\"@type\":\"EntryPoint\",\"urlTemplate\":\"https:\/\/www.jfbinnovation.com\/?s={search_term_string}\"},\"query-input\":\"required name=search_term_string\"}],\"inLanguage\":\"fr-FR\"},{\"@type\":\"Organization\",\"@id\":\"https:\/\/www.jfbinnovation.com\/#organization\",\"name\":\"JFB Innovation\",\"url\":\"https:\/\/www.jfbinnovation.com\/\",\"logo\":{\"@type\":\"ImageObject\",\"inLanguage\":\"fr-FR\",\"@id\":\"https:\/\/www.jfbinnovation.com\/#\/schema\/logo\/image\/\",\"url\":\"https:\/\/www.jfbinnovation.com\/wp-content\/uploads\/2022\/01\/jfb-innovation.png\",\"contentUrl\":\"https:\/\/www.jfbinnovation.com\/wp-content\/uploads\/2022\/01\/jfb-innovation.png\",\"width\":1200,\"height\":628,\"caption\":\"JFB Innovation\"},\"image\":{\"@id\":\"https:\/\/www.jfbinnovation.com\/#\/schema\/logo\/image\/\"},\"sameAs\":[\"https:\/\/www.linkedin.com\/company\/jfbinnovation\",\"https:\/\/www.youtube.com\/channel\/UCEpdh_qMlJu3CjDD7e_-aUA\"]}]}<\/script>\n<!-- \/ Yoast SEO plugin. -->","yoast_head_json":{"title":"\u00c0 propos - JFB Innovation","robots":{"index":"index","follow":"follow","max-snippet":"max-snippet:-1","max-image-preview":"max-image-preview:large","max-video-preview":"max-video-preview:-1"},"canonical":"https:\/\/www.jfbinnovation.com\/fr\/a-propos\/","og_locale":"fr_FR","og_type":"article","og_title":"\u00c0 propos - JFB Innovation","og_url":"https:\/\/www.jfbinnovation.com\/fr\/a-propos\/","og_site_name":"JFB Innovation","article_modified_time":"2024-05-10T20:55:29+00:00","og_image":[{"width":1200,"height":628,"url":"https:\/\/www.jfbinnovation.com\/wp-content\/uploads\/2022\/01\/jfb-innovation.png","type":"image\/png"}],"twitter_card":"summary_large_image","twitter_misc":{"Dur\u00e9e de lecture estim\u00e9e":"4 minutes"},"schema":{"@context":"https:\/\/schema.org","@graph":[{"@type":"WebPage","@id":"https:\/\/www.jfbinnovation.com\/fr\/a-propos\/","url":"https:\/\/www.jfbinnovation.com\/fr\/a-propos\/","name":"\u00c0 propos - JFB Innovation","isPartOf":{"@id":"https:\/\/www.jfbinnovation.com\/#website"},"datePublished":"2024-05-10T17:47:54+00:00","dateModified":"2024-05-10T20:55:29+00:00","breadcrumb":{"@id":"https:\/\/www.jfbinnovation.com\/fr\/a-propos\/#breadcrumb"},"inLanguage":"fr-FR","potentialAction":[{"@type":"ReadAction","target":["https:\/\/www.jfbinnovation.com\/fr\/a-propos\/"]}]},{"@type":"BreadcrumbList","@id":"https:\/\/www.jfbinnovation.com\/fr\/a-propos\/#breadcrumb","itemListElement":[{"@type":"ListItem","position":1,"name":"Accueil","item":"https:\/\/www.jfbinnovation.com\/fr\/"},{"@type":"ListItem","position":2,"name":"\u00c0 propos"}]},{"@type":"WebSite","@id":"https:\/\/www.jfbinnovation.com\/#website","url":"https:\/\/www.jfbinnovation.com\/","name":"JFB Innovation","description":"Du design \u00e0 la production, puis la livraison, nous saurons vous accompagner dans vos projets publicitaires avec plus de 35 ans d&#039;exp\u00e9rience combin\u00e9.","publisher":{"@id":"https:\/\/www.jfbinnovation.com\/#organization"},"potentialAction":[{"@type":"SearchAction","target":{"@type":"EntryPoint","urlTemplate":"https:\/\/www.jfbinnovation.com\/?s={search_term_string}"},"query-input":"required name=search_term_string"}],"inLanguage":"fr-FR"},{"@type":"Organization","@id":"https:\/\/www.jfbinnovation.com\/#organization","name":"JFB Innovation","url":"https:\/\/www.jfbinnovation.com\/","logo":{"@type":"ImageObject","inLanguage":"fr-FR","@id":"https:\/\/www.jfbinnovation.com\/#\/schema\/logo\/image\/","url":"https:\/\/www.jfbinnovation.com\/wp-content\/uploads\/2022\/01\/jfb-innovation.png","contentUrl":"https:\/\/www.jfbinnovation.com\/wp-content\/uploads\/2022\/01\/jfb-innovation.png","width":1200,"height":628,"caption":"JFB Innovation"},"image":{"@id":"https:\/\/www.jfbinnovation.com\/#\/schema\/logo\/image\/"},"sameAs":["https:\/\/www.linkedin.com\/company\/jfbinnovation","https:\/\/www.youtube.com\/channel\/UCEpdh_qMlJu3CjDD7e_-aUA"]}]}},"_links":{"self":[{"href":"https:\/\/www.jfbinnovation.com\/fr\/wp-json\/wp\/v2\/pages\/672"}],"collection":[{"href":"https:\/\/www.jfbinnovation.com\/fr\/wp-json\/wp\/v2\/pages"}],"about":[{"href":"https:\/\/www.jfbinnovation.com\/fr\/wp-json\/wp\/v2\/types\/page"}],"author":[{"embeddable":true,"href":"https:\/\/www.jfbinnovation.com\/fr\/wp-json\/wp\/v2\/users\/1"}],"replies":[{"embeddable":true,"href":"https:\/\/www.jfbinnovation.com\/fr\/wp-json\/wp\/v2\/comments?post=672"}],"version-history":[{"count":6,"href":"https:\/\/www.jfbinnovation.com\/fr\/wp-json\/wp\/v2\/pages\/672\/revisions"}],"predecessor-version":[{"id":794,"href":"https:\/\/www.jfbinnovation.com\/fr\/wp-json\/wp\/v2\/pages\/672\/revisions\/794"}],"wp:attachment":[{"href":"https:\/\/www.jfbinnovation.com\/fr\/wp-json\/wp\/v2\/media?parent=672"}],"curies":[{"name":"wp","href":"https:\/\/api.w.org\/{rel}","templated":true}]}}